{"id":1397,"date":"2016-12-28T16:25:52","date_gmt":"2016-12-28T16:25:52","guid":{"rendered":"http:\/\/dr.biokord.com.pl\/?page_id=1397\/"},"modified":"2019-03-16T14:57:23","modified_gmt":"2019-03-16T14:57:23","slug":"%d0%ba%d0%be%d0%bd%d1%82%d0%b0%d0%ba%d1%82%d1%8b","status":"publish","type":"page","link":"https:\/\/dr.biokord.com.pl\/ru\/%d0%ba%d0%be%d0%bd%d1%82%d0%b0%d0%ba%d1%82%d1%8b\/","title":{"rendered":"\u041a\u043e\u043d\u0442\u0430\u043a\u0442\u044b"},"content":{"rendered":"<p>[vc_row][vc_column width=&#187;1\/2&#8243;]<div id=\"ultimate-heading-62869e245f8e03bb\" class=\"uvc-heading ult-adjust-bottom-margin ultimate-heading-62869e245f8e03bb uvc-973 \" data-hspacer=\"no_spacer\"  data-halign=\"center\" style=\"text-align:center\"><div class=\"uvc-heading-spacer no_spacer\" style=\"top\"><\/div><div class=\"uvc-main-heading ult-responsive\"  data-ultimate-target='.uvc-heading.ultimate-heading-62869e245f8e03bb h2'  data-responsive-json-new='{\"font-size\":\"\",\"line-height\":\"\"}' ><h2 style=\"font-weight:normal;\">\u041d\u0430\u0448 \u043e\u0444\u0438\u0441<\/h2><\/div><\/div>[vc_empty_space]<iframe loading=\"lazy\" style=\"border: 0;\" src=\"https:\/\/www.google.com\/maps\/embed?pb=!1m18!1m12!1m3!1d2434.0174336012697!2d16.992031315446784!3d52.4063602523977!2m3!1f0!2f0!3f0!3m2!1i1024!2i768!4f13.1!3m3!1m2!1s0x47045b9839cbe68d%3A0x8efed867e2138f26!2sCentrum+Terapii+Naturalnej+Dr.Biokord!5e0!3m2!1sen!2sdk!4v1552665468360\" width=\"600\" height=\"450\" frameborder=\"0\" allowfullscreen=\"allowfullscreen\"><\/iframe><\/p>\n<p><img decoding=\"async\" loading=\"lazy\" class=\"aligncenter wp-image-2343 size-full\" src=\"http:\/\/dr.biokord.com.pl\/wp-content\/uploads\/2019\/03\/DSC_9612.jpg\" alt=\"\" width=\"1036\" height=\"691\" srcset=\"https:\/\/dr.biokord.com.pl\/wp-content\/uploads\/2019\/03\/DSC_9612.jpg 1036w, https:\/\/dr.biokord.com.pl\/wp-content\/uploads\/2019\/03\/DSC_9612-270x180.jpg 270w, https:\/\/dr.biokord.com.pl\/wp-content\/uploads\/2019\/03\/DSC_9612-300x200.jpg 300w, https:\/\/dr.biokord.com.pl\/wp-content\/uploads\/2019\/03\/DSC_9612-768x512.jpg 768w, https:\/\/dr.biokord.com.pl\/wp-content\/uploads\/2019\/03\/DSC_9612-1024x683.jpg 1024w\" sizes=\"(max-width: 1036px) 100vw, 1036px\" \/><\/p>\n<p>[\/vc_column][vc_column width=&#187;1\/2&#8243;]<div id=\"ultimate-heading-564169e245f8e03d6\" class=\"uvc-heading ult-adjust-bottom-margin ultimate-heading-564169e245f8e03d6 uvc-2954 \" data-hspacer=\"no_spacer\"  data-halign=\"center\" style=\"text-align:center\"><div class=\"uvc-heading-spacer no_spacer\" style=\"top\"><\/div><div class=\"uvc-main-heading ult-responsive\"  data-ultimate-target='.uvc-heading.ultimate-heading-564169e245f8e03d6 h2'  data-responsive-json-new='{\"font-size\":\"\",\"line-height\":\"\"}' ><h2 style=\"font-weight:normal;\">\u041d\u0430\u043f\u0438\u0448\u0438\u0442\u0435 \u043d\u0430\u043c!<\/h2><\/div><\/div>[vc_empty_space]\n<div class=\"wpcf7 no-js\" id=\"wpcf7-f420-o1\" lang=\"en-US\" dir=\"ltr\">\n<div class=\"screen-reader-response\"><p role=\"status\" aria-live=\"polite\" aria-atomic=\"true\"><\/p> <ul><\/ul><\/div>\n<form action=\"\/ru\/wp-json\/wp\/v2\/pages\/1397\/#wpcf7-f420-o1\" method=\"post\" class=\"wpcf7-form init\" aria-label=\"Contact form\" novalidate=\"novalidate\" data-status=\"init\">\n<div style=\"display: none;\">\n<input type=\"hidden\" name=\"_wpcf7\" value=\"420\" \/>\n<input type=\"hidden\" name=\"_wpcf7_version\" value=\"5.7.6\" \/>\n<input type=\"hidden\" name=\"_wpcf7_locale\" value=\"en_US\" \/>\n<input type=\"hidden\" name=\"_wpcf7_unit_tag\" value=\"wpcf7-f420-o1\" \/>\n<input type=\"hidden\" name=\"_wpcf7_container_post\" value=\"0\" \/>\n<input type=\"hidden\" name=\"_wpcf7_posted_data_hash\" value=\"\" \/>\n<\/div>\n<div style=\"padding-left: 15%;\">\n\t<p>Temat\n\t<\/p>\n\t<p><span class=\"wpcf7-form-control-wrap\" data-name=\"your-subject\"><input size=\"40\" class=\"wpcf7-form-control wpcf7-text\" aria-invalid=\"false\" value=\"\" type=\"text\" name=\"your-subject\" \/><\/span>\n\t<\/p>\n\t<p>Tre\u015b\u0107 wiadomo\u015bci *\n\t<\/p>\n\t<p><span class=\"wpcf7-form-control-wrap\" data-name=\"your-message\"><textarea cols=\"40\" rows=\"10\" class=\"wpcf7-form-control wpcf7-textarea wpcf7-validates-as-required\" aria-required=\"true\" aria-invalid=\"false\" name=\"your-message\"><\/textarea><\/span>\n\t<\/p>\n\t<p>Imi\u0119 i Nazwisko *\n\t<\/p>\n\t<p><span class=\"wpcf7-form-control-wrap\" data-name=\"your-name\"><input size=\"40\" class=\"wpcf7-form-control wpcf7-text wpcf7-validates-as-required\" aria-required=\"true\" aria-invalid=\"false\" value=\"\" type=\"text\" name=\"your-name\" \/><\/span>\n\t<\/p>\n\t<p>Adres Email *\n\t<\/p>\n\t<p><span class=\"wpcf7-form-control-wrap\" data-name=\"your-email\"><input size=\"40\" class=\"wpcf7-form-control wpcf7-text wpcf7-email wpcf7-validates-as-required wpcf7-validates-as-email\" aria-required=\"true\" aria-invalid=\"false\" value=\"\" type=\"email\" name=\"your-email\" \/><\/span>\n\t<\/p>\n\t<p>Telefon\n\t<\/p>\n\t<p><span class=\"wpcf7-form-control-wrap\" data-name=\"NumerTelefonu\"><input size=\"40\" class=\"wpcf7-form-control wpcf7-text wpcf7-tel wpcf7-validates-as-tel\" aria-invalid=\"false\" value=\"\" type=\"tel\" name=\"NumerTelefonu\" \/><\/span>\n\t<\/p>\n\t<p style=\"padding-left: 65%;\"><input class=\"wpcf7-form-control has-spinner wpcf7-submit\" type=\"submit\" value=\"WY\u015aLIJ\" \/>\n\t<\/p>\n<\/div><div class=\"wpcf7-response-output\" aria-hidden=\"true\"><\/div>\n<\/form>\n<\/div>\n[\/vc_column][\/vc_row]<\/p>\n","protected":false},"excerpt":{"rendered":"<p>[vc_row][vc_column width=&#187;1\/2&#8243;][vc_empty_space] [\/vc_column][vc_column width=&#187;1\/2&#8243;][vc_empty_space][\/vc_column][\/vc_row]<\/p>\n","protected":false},"author":4,"featured_media":0,"parent":0,"menu_order":0,"comment_status":"closed","ping_status":"closed","template":"","meta":[],"_links":{"self":[{"href":"https:\/\/dr.biokord.com.pl\/ru\/wp-json\/wp\/v2\/pages\/1397\/"}],"collection":[{"href":"https:\/\/dr.biokord.com.pl\/ru\/wp-json\/wp\/v2\/pages\/"}],"about":[{"href":"https:\/\/dr.biokord.com.pl\/ru\/wp-json\/wp\/v2\/types\/page\/"}],"author":[{"embeddable":true,"href":"https:\/\/dr.biokord.com.pl\/ru\/wp-json\/wp\/v2\/users\/4\/"}],"replies":[{"embeddable":true,"href":"https:\/\/dr.biokord.com.pl\/ru\/wp-json\/wp\/v2\/comments\/?post=1397"}],"version-history":[{"count":0,"href":"https:\/\/dr.biokord.com.pl\/ru\/wp-json\/wp\/v2\/pages\/1397\/revisions\/"}],"wp:attachment":[{"href":"https:\/\/dr.biokord.com.pl\/ru\/wp-json\/wp\/v2\/media\/?parent=1397"}],"curies":[{"name":"wp","href":"https:\/\/api.w.org\/{rel}","templated":true}]}}