{"id":1398,"date":"2016-12-28T16:27:41","date_gmt":"2016-12-28T16:27:41","guid":{"rendered":"http:\/\/dr.biokord.com.pl\/?page_id=1398\/"},"modified":"2016-12-28T16:27:41","modified_gmt":"2016-12-28T16:27:41","slug":"about-us","status":"publish","type":"page","link":"https:\/\/dr.biokord.com.pl\/en\/about-us\/","title":{"rendered":"About us"},"content":{"rendered":"<p>[vc_row][vc_column width=&#8221;2\/3&#8243;][vc_column_text]Dzia\u0142alno\u015b\u0107 centrum Dr. Biokord rozpocz\u0119\u0142a si\u0119 w Polsce w 1998 roku. Wtedy ukrai\u0144ski lekarz medycyny W\u0142odzimierz Berestowski, po uko\u0144czonym kolejnym kursie medycyny naturalnej otrzyma\u0142 propozycj\u0119 pracy w Polsce.<\/p>\n<p>Bardzo wielu chorych zg\u0142asza\u0142o si\u0119, aby skorzysta\u0107 z pomocy \u015bwiadczonej metodami medycyny naturalnej.<\/p>\n<p>\u015awiadectwem uznania i zaufania w\u015br\u00f3d pacjent\u00f3w by\u0142y liczne artyku\u0142y prasowe oraz dowody wdzi\u0119czno\u015bci i mi\u0142e s\u0142owa samych chorych.<\/p>\n<p>Od roku 2003 lekarz W\u0142odzimierz Berestowski podejmuje decyzje wsp\u00f3\u0142prac\u0119 z firmami Remedium Natura, Biokard, Bionatura w zakresie medycyny naturalnej.<\/p>\n<p>Dzia\u0142alno\u015b\u0107 personelu Centrum skierowana jest na zapewnienie pacjentom opieki rehabilitacyjnej w celu polepszeniu stanu zdrowia oraz dla komfortu psychicznego.[\/vc_column_text][\/vc_column][vc_column width=&#8221;1\/3&#8243;][vc_single_image image=&#8221;628&#8243; add_caption=&#8221;yes&#8221; alignment=&#8221;center&#8221;][\/vc_column][\/vc_row][vc_row][vc_column]<div id=\"ultimate-heading-360469e50b77039c6\" class=\"uvc-heading ult-adjust-bottom-margin ultimate-heading-360469e50b77039c6 uvc-4339 \" data-hspacer=\"no_spacer\"  data-halign=\"left\" style=\"text-align:left\"><div class=\"uvc-heading-spacer no_spacer\" style=\"top\"><\/div><div class=\"uvc-main-heading ult-responsive\"  data-ultimate-target='.uvc-heading.ultimate-heading-360469e50b77039c6 h2'  data-responsive-json-new='{\"font-size\":\"\",\"line-height\":\"\"}' ><h2 style=\"font-weight:normal;\">Profesjonalny personel<\/h2><\/div><div class=\"uvc-sub-heading ult-responsive\"  data-ultimate-target='.uvc-heading.ultimate-heading-360469e50b77039c6 .uvc-sub-heading '  data-responsive-json-new='{\"font-size\":\"\",\"line-height\":\"\"}'  style=\"font-weight:normal;\">Obecnie \u2013 po przekszta\u0142ceniach \u2013 w Centrum Terapii Naturalnych Dr. Biokord pracuj\u0105 lekarze i specjali\u015bci z Polski, Ukrainy i Rosji.<\/div><\/div>[vc_empty_space][\/vc_column][\/vc_row][vc_row][vc_column]<div class=\"wf-container loading-effect-fade-in iso-grid bg-under-post description-under-image content-align-centre\" data-padding=\"5px\" data-cur-page=\"1\" data-width=\"280px\" data-columns=\"4\"><div class=\"wf-cell\" data-post-id=\"2384\" data-date=\"2019-03-21T15:11:50+00:00\" data-name=\"Volodymyr Shuliak\">\n\t<div class=\"team-container post-2384 dt_team type-dt_team status-publish has-post-thumbnail hentry bg-on description-off\">\n\n\t\t<div class=\"team-media\"><a href=\"https:\/\/dr.biokord.com.pl\/en\/dt_team\/volodymyr-shuliak\/\" class=\"rollover layzr-bg\"><img class=\"iso-lazy-load preload-me\" src=\"data:image\/svg+xml;charset=utf-8,%3Csvg xmlns%3D'http%3A%2F%2Fwww.w3.org%2F2000%2Fsvg' viewBox%3D'0 0 420 420'%2F%3E\" data-src=\"https:\/\/dr.biokord.com.pl\/wp-content\/uploads\/2019\/03\/imgonline-com-ua-Resize-asubsTIKZXNi-420x420.jpg\" data-srcset=\"https:\/\/dr.biokord.com.pl\/wp-content\/uploads\/2019\/03\/imgonline-com-ua-Resize-asubsTIKZXNi-420x420.jpg 420w, https:\/\/dr.biokord.com.pl\/wp-content\/uploads\/2019\/03\/imgonline-com-ua-Resize-asubsTIKZXNi.jpg 600w\" width=\"420\" height=\"420\"  title=\"imgonline-com-ua-Resize-asubsTIKZXNi\" alt=\"\" \/><\/a><\/div>\n\t\t<div class=\"team-desc\">\n\n\t\t\t<div class=\"team-author\"><div class=\"team-author-name\">Volodymyr Shuliak<\/div><\/div>\n\t\t<\/div>\n\t<\/div><\/div><\/div>[\/vc_column][\/vc_row][vc_row][vc_column][vc_empty_space]<div id=\"ultimate-heading-666869e50b770b185\" class=\"uvc-heading ult-adjust-bottom-margin ultimate-heading-666869e50b770b185 uvc-2511 \" data-hspacer=\"no_spacer\"  data-halign=\"left\" style=\"text-align:left\"><div class=\"uvc-heading-spacer no_spacer\" style=\"top\"><\/div><div class=\"uvc-main-heading ult-responsive\"  data-ultimate-target='.uvc-heading.ultimate-heading-666869e50b770b185 h2'  data-responsive-json-new='{\"font-size\":\"\",\"line-height\":\"\"}' ><h2 style=\"font-weight:normal;\">Dyplomy lek. med Wlodzimierza Berestowskiego<\/h2><\/div><\/div>[vc_media_grid element_width=&#8221;3&#8243; grid_id=&#8221;vc_gid:1482926605511-8c4bc491-acc8-3&#8243; include=&#8221;784,785,786,787,788,789,790&#8243;][vc_empty_space]<div id=\"ultimate-heading-430769e50b770b199\" class=\"uvc-heading ult-adjust-bottom-margin ultimate-heading-430769e50b770b199 uvc-1536 \" data-hspacer=\"no_spacer\"  data-halign=\"left\" style=\"text-align:left\"><div class=\"uvc-heading-spacer no_spacer\" style=\"top\"><\/div><div class=\"uvc-main-heading ult-responsive\"  data-ultimate-target='.uvc-heading.ultimate-heading-430769e50b770b199 h2'  data-responsive-json-new='{\"font-size\":\"\",\"line-height\":\"\"}' ><h2 style=\"font-weight:normal;\">Publikacje na temat hirudoterapii (leczenia pijawkami)<\/h2><\/div><\/div>[vc_media_grid element_width=&#8221;2&#8243; grid_id=&#8221;vc_gid:1482926605514-35cc49e2-9106-7&#8243; include=&#8221;804,803,802,801,800&#8243;][\/vc_column][\/vc_row]<\/p>\n","protected":false},"excerpt":{"rendered":"<p>[vc_row][vc_column width=&#8221;2\/3&#8243;][vc_column_text]Dzia\u0142alno\u015b\u0107 centrum Dr. Biokord rozpocz\u0119\u0142a si\u0119 w Polsce w 1998 roku. Wtedy ukrai\u0144ski lekarz medycyny W\u0142odzimierz Berestowski, po uko\u0144czonym kolejnym kursie medycyny naturalnej otrzyma\u0142 propozycj\u0119 pracy w Polsce. Bardzo wielu chorych zg\u0142asza\u0142o si\u0119, aby skorzysta\u0107 z pomocy \u015bwiadczonej metodami medycyny naturalnej. \u015awiadectwem uznania i zaufania w\u015br\u00f3d pacjent\u00f3w by\u0142y liczne artyku\u0142y prasowe oraz dowody wdzi\u0119czno\u015bci&hellip;<\/p>\n","protected":false},"author":4,"featured_media":0,"parent":0,"menu_order":0,"comment_status":"closed","ping_status":"closed","template":"","meta":[],"_links":{"self":[{"href":"https:\/\/dr.biokord.com.pl\/en\/wp-json\/wp\/v2\/pages\/1398\/"}],"collection":[{"href":"https:\/\/dr.biokord.com.pl\/en\/wp-json\/wp\/v2\/pages\/"}],"about":[{"href":"https:\/\/dr.biokord.com.pl\/en\/wp-json\/wp\/v2\/types\/page\/"}],"author":[{"embeddable":true,"href":"https:\/\/dr.biokord.com.pl\/en\/wp-json\/wp\/v2\/users\/4\/"}],"replies":[{"embeddable":true,"href":"https:\/\/dr.biokord.com.pl\/en\/wp-json\/wp\/v2\/comments\/?post=1398"}],"version-history":[{"count":0,"href":"https:\/\/dr.biokord.com.pl\/en\/wp-json\/wp\/v2\/pages\/1398\/revisions\/"}],"wp:attachment":[{"href":"https:\/\/dr.biokord.com.pl\/en\/wp-json\/wp\/v2\/media\/?parent=1398"}],"curies":[{"name":"wp","href":"https:\/\/api.w.org\/{rel}","templated":true}]}}